{"id":11,"date":"2015-11-02T09:05:59","date_gmt":"2015-11-02T09:05:59","guid":{"rendered":"http:\/\/carmenboehringer.de\/ferienwohnungub\/?page_id=11"},"modified":"2025-01-03T11:16:45","modified_gmt":"2025-01-03T11:16:45","slug":"ferienwohnung-2","status":"publish","type":"page","link":"http:\/\/carmenboehringer.de\/ferienwohnungub\/ferienwohnung\/ferienwohnung-2\/","title":{"rendered":"Ferienwohnung 2"},"content":{"rendered":"<p><strong>Dachwohnung f\u00fcr zwei bis vier Personen (56 qm) mit gro\u00dfem Balkon, Wohn-Schlafzimmer mit gem\u00fctlicher Ausstattung (Kaminofen) und Kabel-TV, Schlafzimmer, Wohnk\u00fcche (Sp\u00fclmaschine, Backofen, Cerankochfeld) und Bad sind neu renoviert.<\/strong><\/p>\n<p><strong>Schlafzimmer <\/strong>(zwei Einzelbetten zum Doppelbett kombinierbar, Einbauschrank, Schreibsekret\u00e4r, Kommode)<strong><br><\/strong><\/p>\n\n\n<figure class=\"wp-block-gallery has-nested-images columns-default is-cropped\">\n<figure class=\"wp-block-image size-large\"><a href=\"http:\/\/carmenboehringer.de\/ferienwohnungub\/wp-content\/uploads\/2025\/01\/Schlafzimmer1-rotated.jpg\"><img loading=\"lazy\" width=\"768\" height=\"1024\" data-id=\"318\"  src=\"http:\/\/carmenboehringer.de\/ferienwohnungub\/wp-content\/uploads\/2025\/01\/Schlafzimmer1-768x1024.jpg\" alt=\"\" class=\"wp-image-318\" srcset=\"http:\/\/carmenboehringer.de\/ferienwohnungub\/wp-content\/uploads\/2025\/01\/Schlafzimmer1-768x1024.jpg 768w, http:\/\/carmenboehringer.de\/ferienwohnungub\/wp-content\/uploads\/2025\/01\/Schlafzimmer1-225x300.jpg 225w, http:\/\/carmenboehringer.de\/ferienwohnungub\/wp-content\/uploads\/2025\/01\/Schlafzimmer1-1152x1536.jpg 1152w, http:\/\/carmenboehringer.de\/ferienwohnungub\/wp-content\/uploads\/2025\/01\/Schlafzimmer1-rotated.jpg 1512w\" sizes=\"(max-width: 768px) 100vw, 768px\" \/><\/a><figcaption>Schlafzimmer<\/figcaption><\/figure>\n\n\n\n<figure class=\"wp-block-image size-large\"><a href=\"http:\/\/carmenboehringer.de\/ferienwohnungub\/wp-content\/uploads\/2020\/11\/IMG_1578.jpg\"><img loading=\"lazy\" width=\"640\" height=\"480\" data-id=\"242\"  src=\"http:\/\/carmenboehringer.de\/ferienwohnungub\/wp-content\/uploads\/2020\/11\/IMG_1578.jpg\" alt=\"\" class=\"wp-image-242\" srcset=\"http:\/\/carmenboehringer.de\/ferienwohnungub\/wp-content\/uploads\/2020\/11\/IMG_1578.jpg 640w, http:\/\/carmenboehringer.de\/ferienwohnungub\/wp-content\/uploads\/2020\/11\/IMG_1578-300x225.jpg 300w\" sizes=\"(max-width: 640px) 100vw, 640px\" \/><\/a><figcaption>Einzelbetten bzw. Doppelbett<\/figcaption><\/figure>\n\n\n\n<figure class=\"wp-block-image size-large\"><a href=\"http:\/\/carmenboehringer.de\/ferienwohnungub\/wp-content\/uploads\/2020\/11\/IMG_1577.jpg\"><img loading=\"lazy\" width=\"640\" height=\"480\" data-id=\"241\"  src=\"http:\/\/carmenboehringer.de\/ferienwohnungub\/wp-content\/uploads\/2020\/11\/IMG_1577.jpg\" alt=\"\" class=\"wp-image-241\" srcset=\"http:\/\/carmenboehringer.de\/ferienwohnungub\/wp-content\/uploads\/2020\/11\/IMG_1577.jpg 640w, http:\/\/carmenboehringer.de\/ferienwohnungub\/wp-content\/uploads\/2020\/11\/IMG_1577-300x225.jpg 300w\" sizes=\"(max-width: 640px) 100vw, 640px\" \/><\/a><figcaption>gro\u00dfer Einbauschrank<\/figcaption><\/figure>\n<\/figure>\n\n\n\n<p><strong>Wohn-Schlafzimmer<\/strong> (zwei Schlafsofas, Schreibtisch, Sekret\u00e4r, Kleiderschrank, Wohnzimmerschrank)<\/p>\n\n\n\n<figure class=\"wp-block-gallery has-nested-images columns-default is-cropped\">\n<figure class=\"wp-block-image size-large\"><a href=\"http:\/\/carmenboehringer.de\/ferienwohnungub\/wp-content\/uploads\/2025\/01\/Wohn-Schlafzimmer1-rotated.jpg\"><img loading=\"lazy\" width=\"768\" height=\"1024\" data-id=\"320\"  src=\"http:\/\/carmenboehringer.de\/ferienwohnungub\/wp-content\/uploads\/2025\/01\/Wohn-Schlafzimmer1-768x1024.jpg\" alt=\"\" class=\"wp-image-320\" srcset=\"http:\/\/carmenboehringer.de\/ferienwohnungub\/wp-content\/uploads\/2025\/01\/Wohn-Schlafzimmer1-768x1024.jpg 768w, http:\/\/carmenboehringer.de\/ferienwohnungub\/wp-content\/uploads\/2025\/01\/Wohn-Schlafzimmer1-225x300.jpg 225w, http:\/\/carmenboehringer.de\/ferienwohnungub\/wp-content\/uploads\/2025\/01\/Wohn-Schlafzimmer1-1152x1536.jpg 1152w, http:\/\/carmenboehringer.de\/ferienwohnungub\/wp-content\/uploads\/2025\/01\/Wohn-Schlafzimmer1-rotated.jpg 1512w\" sizes=\"(max-width: 768px) 100vw, 768px\" \/><\/a><figcaption>Schlafsofa, Schreibtisch<\/figcaption><\/figure>\n\n\n\n<figure class=\"wp-block-image size-large\"><a href=\"http:\/\/carmenboehringer.de\/ferienwohnungub\/wp-content\/uploads\/2025\/01\/Wohn-Schlafzimmer4-rotated.jpg\"><img loading=\"lazy\" width=\"768\" height=\"1024\" data-id=\"322\"  src=\"http:\/\/carmenboehringer.de\/ferienwohnungub\/wp-content\/uploads\/2025\/01\/Wohn-Schlafzimmer4-768x1024.jpg\" alt=\"\" class=\"wp-image-322\" srcset=\"http:\/\/carmenboehringer.de\/ferienwohnungub\/wp-content\/uploads\/2025\/01\/Wohn-Schlafzimmer4-768x1024.jpg 768w, http:\/\/carmenboehringer.de\/ferienwohnungub\/wp-content\/uploads\/2025\/01\/Wohn-Schlafzimmer4-225x300.jpg 225w, http:\/\/carmenboehringer.de\/ferienwohnungub\/wp-content\/uploads\/2025\/01\/Wohn-Schlafzimmer4-1152x1536.jpg 1152w, http:\/\/carmenboehringer.de\/ferienwohnungub\/wp-content\/uploads\/2025\/01\/Wohn-Schlafzimmer4-rotated.jpg 1512w\" sizes=\"(max-width: 768px) 100vw, 768px\" \/><\/a><figcaption>Wohnzimmerschrank<\/figcaption><\/figure>\n\n\n\n<figure class=\"wp-block-image size-large\"><a href=\"http:\/\/carmenboehringer.de\/ferienwohnungub\/wp-content\/uploads\/2025\/01\/Wohn-Schlafzimmer2-rotated.jpg\"><img loading=\"lazy\" width=\"768\" height=\"1024\" data-id=\"321\"  src=\"http:\/\/carmenboehringer.de\/ferienwohnungub\/wp-content\/uploads\/2025\/01\/Wohn-Schlafzimmer2-768x1024.jpg\" alt=\"\" class=\"wp-image-321\" srcset=\"http:\/\/carmenboehringer.de\/ferienwohnungub\/wp-content\/uploads\/2025\/01\/Wohn-Schlafzimmer2-768x1024.jpg 768w, http:\/\/carmenboehringer.de\/ferienwohnungub\/wp-content\/uploads\/2025\/01\/Wohn-Schlafzimmer2-225x300.jpg 225w, http:\/\/carmenboehringer.de\/ferienwohnungub\/wp-content\/uploads\/2025\/01\/Wohn-Schlafzimmer2-1152x1536.jpg 1152w, http:\/\/carmenboehringer.de\/ferienwohnungub\/wp-content\/uploads\/2025\/01\/Wohn-Schlafzimmer2-rotated.jpg 1512w\" sizes=\"(max-width: 768px) 100vw, 768px\" \/><\/a><figcaption>Schlafsofa, Tisch<\/figcaption><\/figure>\n<\/figure>\n\n\n\n<p><strong>Wohnk\u00fcche<\/strong> (Cerankochfeld, Backofen, Mikrowelle, Sp\u00fclmaschine, Kaffeemaschine, K\u00fchlschrank)<\/p>\n\n\n\n<figure class=\"wp-block-gallery has-nested-images columns-default is-cropped\">\n<figure class=\"wp-block-image size-large\"><a href=\"http:\/\/carmenboehringer.de\/ferienwohnungub\/wp-content\/uploads\/2020\/12\/IMG_4592.jpg\"><img loading=\"lazy\" width=\"2016\" height=\"1512\" data-id=\"248\"  src=\"http:\/\/carmenboehringer.de\/ferienwohnungub\/wp-content\/uploads\/2020\/12\/IMG_4592.jpg\" alt=\"\" class=\"wp-image-248\" srcset=\"http:\/\/carmenboehringer.de\/ferienwohnungub\/wp-content\/uploads\/2020\/12\/IMG_4592.jpg 2016w, http:\/\/carmenboehringer.de\/ferienwohnungub\/wp-content\/uploads\/2020\/12\/IMG_4592-300x225.jpg 300w, http:\/\/carmenboehringer.de\/ferienwohnungub\/wp-content\/uploads\/2020\/12\/IMG_4592-768x576.jpg 768w, http:\/\/carmenboehringer.de\/ferienwohnungub\/wp-content\/uploads\/2020\/12\/IMG_4592-1024x768.jpg 1024w\" sizes=\"(max-width: 2016px) 100vw, 2016px\" \/><\/a><figcaption>K\u00fcchenzeile<\/figcaption><\/figure>\n\n\n\n<figure class=\"wp-block-image size-large\"><a href=\"http:\/\/carmenboehringer.de\/ferienwohnungub\/wp-content\/uploads\/2015\/11\/SDC117791.jpg\"><img loading=\"lazy\" width=\"3648\" height=\"2736\" data-id=\"156\"  src=\"http:\/\/carmenboehringer.de\/ferienwohnungub\/wp-content\/uploads\/2015\/11\/SDC117791.jpg\" alt=\"\" class=\"wp-image-156\" srcset=\"http:\/\/carmenboehringer.de\/ferienwohnungub\/wp-content\/uploads\/2015\/11\/SDC117791.jpg 3648w, http:\/\/carmenboehringer.de\/ferienwohnungub\/wp-content\/uploads\/2015\/11\/SDC117791-300x225.jpg 300w, http:\/\/carmenboehringer.de\/ferienwohnungub\/wp-content\/uploads\/2015\/11\/SDC117791-1024x768.jpg 1024w\" sizes=\"(max-width: 3648px) 100vw, 3648px\" \/><\/a><figcaption>Essplatz<\/figcaption><\/figure>\n\n\n\n<figure class=\"wp-block-image size-large\"><a href=\"http:\/\/carmenboehringer.de\/ferienwohnungub\/wp-content\/uploads\/2015\/11\/SDC117801.jpg\"><img loading=\"lazy\" width=\"3648\" height=\"2736\" data-id=\"157\"  src=\"http:\/\/carmenboehringer.de\/ferienwohnungub\/wp-content\/uploads\/2015\/11\/SDC117801.jpg\" alt=\"\" class=\"wp-image-157\" srcset=\"http:\/\/carmenboehringer.de\/ferienwohnungub\/wp-content\/uploads\/2015\/11\/SDC117801.jpg 3648w, http:\/\/carmenboehringer.de\/ferienwohnungub\/wp-content\/uploads\/2015\/11\/SDC117801-300x225.jpg 300w, http:\/\/carmenboehringer.de\/ferienwohnungub\/wp-content\/uploads\/2015\/11\/SDC117801-1024x768.jpg 1024w\" sizes=\"(max-width: 3648px) 100vw, 3648px\" \/><\/a><figcaption>Essplatz<\/figcaption><\/figure>\n<\/figure>\n\n\n\n<p><strong>Bad<\/strong><\/p>\n\n\n\n<figure class=\"wp-block-gallery has-nested-images columns-default is-cropped\">\n<figure class=\"wp-block-image size-large\"><a href=\"http:\/\/carmenboehringer.de\/ferienwohnungub\/wp-content\/uploads\/2020\/03\/IMG_1314-e1583838702832.jpg\"><img loading=\"lazy\" width=\"480\" height=\"640\" data-id=\"217\"  src=\"http:\/\/carmenboehringer.de\/ferienwohnungub\/wp-content\/uploads\/2020\/03\/IMG_1314-e1583838702832.jpg\" alt=\"\" class=\"wp-image-217\" srcset=\"http:\/\/carmenboehringer.de\/ferienwohnungub\/wp-content\/uploads\/2020\/03\/IMG_1314-e1583838702832.jpg 480w, http:\/\/carmenboehringer.de\/ferienwohnungub\/wp-content\/uploads\/2020\/03\/IMG_1314-e1583838702832-225x300.jpg 225w\" sizes=\"(max-width: 480px) 100vw, 480px\" \/><\/a><figcaption>Toilette<\/figcaption><\/figure>\n\n\n\n<figure class=\"wp-block-image size-large\"><a href=\"http:\/\/carmenboehringer.de\/ferienwohnungub\/wp-content\/uploads\/2020\/03\/IMG_1313-e1583838638884.jpg\"><img loading=\"lazy\" width=\"480\" height=\"640\" data-id=\"216\"  src=\"http:\/\/carmenboehringer.de\/ferienwohnungub\/wp-content\/uploads\/2020\/03\/IMG_1313-e1583838638884.jpg\" alt=\"\" class=\"wp-image-216\" srcset=\"http:\/\/carmenboehringer.de\/ferienwohnungub\/wp-content\/uploads\/2020\/03\/IMG_1313-e1583838638884.jpg 480w, http:\/\/carmenboehringer.de\/ferienwohnungub\/wp-content\/uploads\/2020\/03\/IMG_1313-e1583838638884-225x300.jpg 225w\" sizes=\"(max-width: 480px) 100vw, 480px\" \/><\/a><figcaption>Dusch-Badewanne<\/figcaption><\/figure>\n\n\n\n<figure class=\"wp-block-image size-large\"><a href=\"http:\/\/carmenboehringer.de\/ferienwohnungub\/wp-content\/uploads\/2015\/11\/Panorama.jpg\"><img loading=\"lazy\" width=\"6352\" height=\"2458\" data-id=\"187\"  src=\"http:\/\/carmenboehringer.de\/ferienwohnungub\/wp-content\/uploads\/2015\/11\/Panorama.jpg\" alt=\"\" class=\"wp-image-187\" srcset=\"http:\/\/carmenboehringer.de\/ferienwohnungub\/wp-content\/uploads\/2015\/11\/Panorama.jpg 6352w, http:\/\/carmenboehringer.de\/ferienwohnungub\/wp-content\/uploads\/2015\/11\/Panorama-300x116.jpg 300w, http:\/\/carmenboehringer.de\/ferienwohnungub\/wp-content\/uploads\/2015\/11\/Panorama-1024x396.jpg 1024w\" sizes=\"(max-width: 6352px) 100vw, 6352px\" \/><\/a><figcaption>Ausblick vom Balkon<\/figcaption><\/figure>\n<\/figure>\n\n\n\n<div class=\"wp-block-columns\">\n<div class=\"wp-block-column\">\n<figure class=\"wp-block-image size-large\"><a href=\"http:\/\/carmenboehringer.de\/ferienwohnungub\/wp-content\/uploads\/2025\/01\/Balkon-1-rotated.jpg\"><img loading=\"lazy\" width=\"768\" height=\"1024\" src=\"http:\/\/carmenboehringer.de\/ferienwohnungub\/wp-content\/uploads\/2025\/01\/Balkon-1-768x1024.jpg\" alt=\"\" class=\"wp-image-341\" srcset=\"http:\/\/carmenboehringer.de\/ferienwohnungub\/wp-content\/uploads\/2025\/01\/Balkon-1-768x1024.jpg 768w, http:\/\/carmenboehringer.de\/ferienwohnungub\/wp-content\/uploads\/2025\/01\/Balkon-1-225x300.jpg 225w, http:\/\/carmenboehringer.de\/ferienwohnungub\/wp-content\/uploads\/2025\/01\/Balkon-1-1152x1536.jpg 1152w, http:\/\/carmenboehringer.de\/ferienwohnungub\/wp-content\/uploads\/2025\/01\/Balkon-1-rotated.jpg 1512w\" sizes=\"(max-width: 768px) 100vw, 768px\" \/><\/a><\/figure>\n<\/div>\n\n\n\n<div class=\"wp-block-column\">\n<figure class=\"wp-block-image size-large\"><a href=\"http:\/\/carmenboehringer.de\/ferienwohnungub\/wp-content\/uploads\/2025\/01\/Ansicht2-scaled.jpg\"><img loading=\"lazy\" width=\"1024\" height=\"768\" src=\"http:\/\/carmenboehringer.de\/ferienwohnungub\/wp-content\/uploads\/2025\/01\/Ansicht2-1024x768.jpg\" alt=\"\" class=\"wp-image-346\" srcset=\"http:\/\/carmenboehringer.de\/ferienwohnungub\/wp-content\/uploads\/2025\/01\/Ansicht2-1024x768.jpg 1024w, http:\/\/carmenboehringer.de\/ferienwohnungub\/wp-content\/uploads\/2025\/01\/Ansicht2-300x225.jpg 300w, http:\/\/carmenboehringer.de\/ferienwohnungub\/wp-content\/uploads\/2025\/01\/Ansicht2-768x576.jpg 768w, http:\/\/carmenboehringer.de\/ferienwohnungub\/wp-content\/uploads\/2025\/01\/Ansicht2-1536x1152.jpg 1536w, http:\/\/carmenboehringer.de\/ferienwohnungub\/wp-content\/uploads\/2025\/01\/Ansicht2-2048x1536.jpg 2048w\" sizes=\"(max-width: 1024px) 100vw, 1024px\" \/><\/a><figcaption>Talstra\u00dfe 7<\/figcaption><\/figure>\n<\/div>\n\n\n\n<div class=\"wp-block-column\"><\/div>\n<\/div>\n\n\n\n<div class=\"wp-block-columns\">\n<div class=\"wp-block-column\" style=\"flex-basis:100%\">\n<div class=\"wp-container-1 wp-block-group\"><div class=\"wp-block-group__inner-container\"><\/div><\/div>\n<\/div>\n<\/div>\n","protected":false},"excerpt":{"rendered":"<p>Dachwohnung f\u00fcr zwei bis vier Personen (56 qm) mit gro\u00dfem Balkon, Wohn-Schlafzimmer mit gem\u00fctlicher Ausstattung (Kaminofen) und Kabel-TV, Schlafzimmer, Wohnk\u00fcche (Sp\u00fclmaschine, Backofen, Cerankochfeld) und Bad sind neu renoviert. Schlafzimmer (zwei Einzelbetten zum Doppelbett kombinierbar, Einbauschrank, Schreibsekret\u00e4r, Kommode) Wohn-Schlafzimmer (zwei Schlafsofas, &hellip; <a href=\"http:\/\/carmenboehringer.de\/ferienwohnungub\/ferienwohnung\/ferienwohnung-2\/\">Weiterlesen <span class=\"meta-nav\">&rarr;<\/span><\/a><\/p>\n","protected":false},"author":1,"featured_media":0,"parent":6,"menu_order":0,"comment_status":"closed","ping_status":"closed","template":"","meta":[],"_links":{"self":[{"href":"http:\/\/carmenboehringer.de\/ferienwohnungub\/wp-json\/wp\/v2\/pages\/11"}],"collection":[{"href":"http:\/\/carmenboehringer.de\/ferienwohnungub\/wp-json\/wp\/v2\/pages"}],"about":[{"href":"http:\/\/carmenboehringer.de\/ferienwohnungub\/wp-json\/wp\/v2\/types\/page"}],"author":[{"embeddable":true,"href":"http:\/\/carmenboehringer.de\/ferienwohnungub\/wp-json\/wp\/v2\/users\/1"}],"replies":[{"embeddable":true,"href":"http:\/\/carmenboehringer.de\/ferienwohnungub\/wp-json\/wp\/v2\/comments?post=11"}],"version-history":[{"count":10,"href":"http:\/\/carmenboehringer.de\/ferienwohnungub\/wp-json\/wp\/v2\/pages\/11\/revisions"}],"predecessor-version":[{"id":347,"href":"http:\/\/carmenboehringer.de\/ferienwohnungub\/wp-json\/wp\/v2\/pages\/11\/revisions\/347"}],"up":[{"embeddable":true,"href":"http:\/\/carmenboehringer.de\/ferienwohnungub\/wp-json\/wp\/v2\/pages\/6"}],"wp:attachment":[{"href":"http:\/\/carmenboehringer.de\/ferienwohnungub\/wp-json\/wp\/v2\/media?parent=11"}],"curies":[{"name":"wp","href":"https:\/\/api.w.org\/{rel}","templated":true}]}}