{"id":17,"date":"2015-11-02T09:07:25","date_gmt":"2015-11-02T09:07:25","guid":{"rendered":"http:\/\/carmenboehringer.de\/ferienwohnungub\/?page_id=17"},"modified":"2022-05-17T09:06:15","modified_gmt":"2022-05-17T09:06:15","slug":"preise","status":"publish","type":"page","link":"http:\/\/carmenboehringer.de\/ferienwohnungub\/preise\/","title":{"rendered":"Preise"},"content":{"rendered":"<p>Alle Nebenkosten (Endreinigung, Wasser, Strom) sind im Preis enthalten! Eine notwendige Zwischenreinigung wird separat berechnet.<br \/>Wlan kostenlos!<br \/>Bettw\u00e4sche wird gestellt, Hand-\/Bade-\/Geschirrt\u00fccher m\u00fcssen mitgebracht werden.<br \/>Kurtaxe pro Person und Tag 1 \u20ac (Berufst\u00e4tige und Sch\u00fcler ausgeschlossen!)<br \/>Die Preise verstehen sich inklusive 7% MwSt!<\/p>\n<p><em><strong>Sonderpreise f\u00fcr Sch\u00fcler und Sch\u00fclerinnen der Paul-Kerschensteiner-Schule &#8211; Landesberufsschule f\u00fcr das Hotel- und Gastst\u00e4ttengewerbe auf Anfrage.<\/strong><\/em><\/p>\n<p>\u00a0<\/p>\n\n\n<div class=\"wp-block-file\"><a id=\"wp-block-file--media-66794a19-e588-45e3-97fe-09b72c4c88f4\" href=\"http:\/\/carmenboehringer.de\/ferienwohnungub\/wp-content\/uploads\/2021\/12\/Geschaeftsbedingungen-Uboe.pdf\"><strong>Geschaeftsbedingungen Ferienwohnung Unterb\u00f6hringen<\/strong><\/a><a href=\"http:\/\/carmenboehringer.de\/ferienwohnungub\/wp-content\/uploads\/2021\/12\/Geschaeftsbedingungen-Uboe.pdf\" class=\"wp-block-file__button\" download aria-describedby=\"wp-block-file--media-66794a19-e588-45e3-97fe-09b72c4c88f4\">Herunterladen<\/a><\/div>\n\n\n\n<p><\/p>\n","protected":false},"excerpt":{"rendered":"<p>Alle Nebenkosten (Endreinigung, Wasser, Strom) sind im Preis enthalten! Eine notwendige Zwischenreinigung wird separat berechnet.Wlan kostenlos!Bettw\u00e4sche wird gestellt, Hand-\/Bade-\/Geschirrt\u00fccher m\u00fcssen mitgebracht werden.Kurtaxe pro Person und Tag 1 \u20ac (Berufst\u00e4tige und Sch\u00fcler ausgeschlossen!)Die Preise verstehen sich inklusive 7% MwSt! Sonderpreise f\u00fcr &hellip; <a href=\"http:\/\/carmenboehringer.de\/ferienwohnungub\/preise\/\">Weiterlesen <span class=\"meta-nav\">&rarr;<\/span><\/a><\/p>\n","protected":false},"author":1,"featured_media":0,"parent":0,"menu_order":0,"comment_status":"closed","ping_status":"closed","template":"","meta":[],"_links":{"self":[{"href":"http:\/\/carmenboehringer.de\/ferienwohnungub\/wp-json\/wp\/v2\/pages\/17"}],"collection":[{"href":"http:\/\/carmenboehringer.de\/ferienwohnungub\/wp-json\/wp\/v2\/pages"}],"about":[{"href":"http:\/\/carmenboehringer.de\/ferienwohnungub\/wp-json\/wp\/v2\/types\/page"}],"author":[{"embeddable":true,"href":"http:\/\/carmenboehringer.de\/ferienwohnungub\/wp-json\/wp\/v2\/users\/1"}],"replies":[{"embeddable":true,"href":"http:\/\/carmenboehringer.de\/ferienwohnungub\/wp-json\/wp\/v2\/comments?post=17"}],"version-history":[{"count":10,"href":"http:\/\/carmenboehringer.de\/ferienwohnungub\/wp-json\/wp\/v2\/pages\/17\/revisions"}],"predecessor-version":[{"id":273,"href":"http:\/\/carmenboehringer.de\/ferienwohnungub\/wp-json\/wp\/v2\/pages\/17\/revisions\/273"}],"wp:attachment":[{"href":"http:\/\/carmenboehringer.de\/ferienwohnungub\/wp-json\/wp\/v2\/media?parent=17"}],"curies":[{"name":"wp","href":"https:\/\/api.w.org\/{rel}","templated":true}]}}