{"id":191,"date":"2018-06-05T06:15:49","date_gmt":"2018-06-05T06:15:49","guid":{"rendered":"http:\/\/carmenboehringer.de\/ferienwohnungub\/?page_id=191"},"modified":"2018-06-05T06:17:03","modified_gmt":"2018-06-05T06:17:03","slug":"datenschutzerklaerung","status":"publish","type":"page","link":"http:\/\/carmenboehringer.de\/ferienwohnungub\/datenschutzerklaerung\/","title":{"rendered":"Datenschutzerkl\u00e4rung"},"content":{"rendered":"<p><strong>Datenschutzerkl\u00e4rung<\/strong><\/p>\n<p>Datenschutz ist uns wichtig, wir verarbeiten Ihre Daten stets nach den gesetzlichen Regelungen. Daher nachfolgend die ausf\u00fchrlichen Informationen zu Fragen des Datenschutzes auf unserer Website und bei der Ferienwohnung Carmen und Max B\u00f6hringer, vertreten durch Carmen B\u00f6hringer, allgemein:<\/p>\n<p><strong>Allgemeines<\/strong><\/p>\n<p>Beim Aufrufen unserer Website www.ferienwohnung-boehringer.de werden durch Ihren Browser automatisch Informationen an den Server unserer Website gesendet. Dabei werden (tempor\u00e4r) in einem sog. Logfile folgende Informationen erfasst und bis zur automatisierten L\u00f6schung gespeichert:<\/p>\n<ul>\n<li>IP-Adresse des anfragenden Rechners,<\/li>\n<li>Datum und Uhrzeit des Zugriffs, Name und URL der abgerufenen Datei,<\/li>\n<li>Website, von der aus der Zugriff erfolgt (Referrer-URL),<\/li>\n<li>verwendeter Browser und ggf. das Betriebssystem Ihres Rechners sowie der Name Ihres Access-Providers.<\/li>\n<\/ul>\n<p>Die genannten Daten werden durch uns zu folgenden Zwecken verarbeitet:<\/p>\n<ul>\n<li>Gew\u00e4hrleistung eines reibungslosen Verbindungsaufbaus und einer komfortablen Nutzung der Website,<\/li>\n<li>Auswertung der Systemsicherheit sowie zu administrativen Zwecken.<\/li>\n<\/ul>\n<p>Die Rechtsgrundlage f\u00fcr die Datenverarbeitung ist Art. 6 Abs. 1 S. 1 lit. f DSGVO. Unser berechtigtes Interesse folgt aus oben aufgelisteten Zwecken zur Datenerhebung. In keinem Fall verwenden wir die erhobenen Daten zu dem Zweck, R\u00fcckschl\u00fcsse auf Ihre Person zu ziehen.<\/p>\n<p>Die Nutzung unserer Webseite ist ohne weitere Angabe personenbezogener Daten m\u00f6glich.<\/p>\n<p>Der Nutzung von im Rahmen der Impressumspflicht ver\u00f6ffentlichten Kontaktdaten durch Dritte zur \u00dcbersendung von nicht ausdr\u00fccklich angeforderter Werbung und Informationsmaterialien wird hiermit ausdr\u00fccklich widersprochen. Wir behalten uns ausdr\u00fccklich rechtliche Schritte im Falle der unverlangten Zusendung von Werbeinformationen, etwa durch Spam-Mails, vor.<\/p>\n<p><strong>Nutzung der E-Mail Kontaktm\u00f6glichkeiten auf unserer Website<\/strong><\/p>\n<p>Bei Fragen bieten wir Ihnen unter \u201eKontakt\u201c die M\u00f6glichkeit, freiwillig mit uns \u00fcber die verschiedenen auf der Website angegebenen E-Mail-Adressen Kontakt aufzunehmen. Dabei ist zumindest die Angabe einer g\u00fcltigen E-Mail-Adresse erforderlich, damit wir wissen, von wem die Anfrage stammt und um diese beantworten zu k\u00f6nnen. Weitere Angaben k\u00f6nnen freiwillig get\u00e4tigt werden. Soweit Sie \u00fcber solchen E-Mail-Kontakt weitere personenbezogene Daten (beispielsweise Name, Anschrift etc.) mitteilen, erfolgt dies stets auf freiwilliger Basis. Wir weisen darauf hin, dass die Daten\u00fcbertragung im Internet (z.B. bei der Kommunikation per E-Mail) Sicherheitsl\u00fccken aufweisen kann. Ein l\u00fcckenloser Schutz der Daten vor dem Zugriff durch Dritte ist nicht m\u00f6glich.<\/p>\n<p>Die Datenverarbeitung zum Zwecke der Kontaktaufnahme mit uns erfolgt nach Art. 6 Abs. 1 S. 1 lit. a DSGVO auf Grundlage Ihrer freiwillig erteilten Einwilligung.<\/p>\n<p>Die f\u00fcr die Benutzung der E-Mail-Kontaktm\u00f6glichkeit von uns erhobenen personenbezogenen Daten werden nach Erledigung der von Ihnen gestellten Anfrage turnusm\u00e4\u00dfig gel\u00f6scht, soweit sich daraus keine Gesch\u00e4ftsbeziehung entwickelt.<\/p>\n<p><strong>Weitergabe an Dritte<\/strong><\/p>\n<p>Eine \u00dcbermittlung Ihrer rechtm\u00e4\u00dfig gespeicherten\/verarbeiteten pers\u00f6nlichen Daten an Dritte findet nur statt, wenn:<\/p>\n<ul>\n<li>Sie Ihre ausdr\u00fcckliche Einwilligung dazu erteilt haben,<\/li>\n<li>die Weitergabe nach Art. 6 Abs. 1 S. 1 lit. f DSGVO zur Geltendmachung, Aus\u00fcbung oder Verteidigung von Rechtsanspr\u00fcchen erforderlich ist und kein Grund zur Annahme besteht, dass Sie ein \u00fcberwiegendes schutzw\u00fcrdiges Interesse an der Nichtweitergabe Ihrer Daten haben,<\/li>\n<li>f\u00fcr die Weitergabe eine gesetzliche Verpflichtung besteht, sowie<\/li>\n<li>dies gesetzlich zul\u00e4ssig und f\u00fcr die Abwicklung von Vertragsverh\u00e4ltnissen mit Ihnen erforderlich ist.<\/li>\n<\/ul>\n<p><strong>Betroffenenrechte<\/strong><\/p>\n<p>Sie haben das Recht:<\/p>\n<ul>\n<li>gem\u00e4\u00df Art. 15 DSGVO Auskunft \u00fcber Ihre von uns verarbeiteten personenbezogenen Daten zu verlangen.<\/li>\n<li>gem\u00e4\u00df Art. 16 DSGVO die Berichtigung unrichtiger oder Vervollst\u00e4ndigung Ihrer bei uns gespeicherten personenbezogenen Daten zu verlangen;<\/li>\n<li>gem\u00e4\u00df Art. 17 DSGVO die L\u00f6schung Ihrer bei uns gespeicherten personenbezogenen Daten zu verlangen<\/li>\n<li>gem\u00e4\u00df Art. 18 DSGVO die Einschr\u00e4nkung der Verarbeitung Ihrer personenbezogenen Daten zu verlangen<\/li>\n<li>gem\u00e4\u00df Art. 20 DSGVO Ihre personenbezogenen Daten, die Sie uns bereitgestellt haben, in einem strukturierten, g\u00e4ngigen und maschinenlesebaren Format zu erhalten oder die \u00dcbermittlung an einen anderen Verantwortlichen zu verlangen;<\/li>\n<li>gem\u00e4\u00df Art. 7 Abs. 3 DSGVO Ihre einmal erteilte Einwilligung jederzeit gegen\u00fcber uns zu widerrufen.<\/li>\n<li>gem\u00e4\u00df Art. 77 DSGVO sich bei einer Aufsichtsbeh\u00f6rde zu beschweren. In der Regel k\u00f6nnen Sie sich hierf\u00fcr an die Aufsichtsbeh\u00f6rde Ihres \u00fcblichen Aufenthaltsortes oder Arbeitsplatzes oder unseres Firmensitzes wenden<\/li>\n<li>Sofern Ihre personenbezogenen Daten auf Grundlage von berechtigten Interessen gem\u00e4\u00df Art. 6 Abs. 1 S. 1 lit. f DSGVO verarbeitet werden, haben Sie das Recht, unter den Voraussetzungen des 21 DSGVO Widerspruch gegen die Verarbeitung Ihrer personenbezogenen Daten einzulegen.<\/li>\n<\/ul>\n<p>Wegen der Einzelheiten, der Einschr\u00e4nkungen dieser Rechte sowie der aus der Aus\u00fcbung und Geltendmachung dieser Rechte resultierenden Folgen verweisen wir auf die jeweils genannten gesetzlichen Vorschriften.<\/p>\n<p>M\u00f6chten Sie von Ihren Rechten gegen\u00fcber der Ferienwohnung Carmen und Max B\u00f6hringer, vertreten durch Carmen B\u00f6hringer, Gebrauch machen, gen\u00fcgt eine E-Mail an <u><a href=\"mailto:cmboehringer@gmx.de\">cmboehringer@gmx.de<\/a><\/u>, in der Sie die von Ihnen geltend gemachten Rechte inhaltlich, wenn m\u00f6glich unter Angabe der entsprechenden gesetzlichen Vorschrift benennen.<\/p>\n<p>Ferienwohnung Carmen und Max B\u00f6hringer, 5. Juni 2018<\/p>\n","protected":false},"excerpt":{"rendered":"<p>Datenschutzerkl\u00e4rung Datenschutz ist uns wichtig, wir verarbeiten Ihre Daten stets nach den gesetzlichen Regelungen. Daher nachfolgend die ausf\u00fchrlichen Informationen zu Fragen des Datenschutzes auf unserer Website und bei der Ferienwohnung Carmen und Max B\u00f6hringer, vertreten durch Carmen B\u00f6hringer, allgemein: Allgemeines &hellip; <a href=\"http:\/\/carmenboehringer.de\/ferienwohnungub\/datenschutzerklaerung\/\">Weiterlesen <span class=\"meta-nav\">&rarr;<\/span><\/a><\/p>\n","protected":false},"author":1,"featured_media":0,"parent":0,"menu_order":8,"comment_status":"closed","ping_status":"closed","template":"","meta":[],"_links":{"self":[{"href":"http:\/\/carmenboehringer.de\/ferienwohnungub\/wp-json\/wp\/v2\/pages\/191"}],"collection":[{"href":"http:\/\/carmenboehringer.de\/ferienwohnungub\/wp-json\/wp\/v2\/pages"}],"about":[{"href":"http:\/\/carmenboehringer.de\/ferienwohnungub\/wp-json\/wp\/v2\/types\/page"}],"author":[{"embeddable":true,"href":"http:\/\/carmenboehringer.de\/ferienwohnungub\/wp-json\/wp\/v2\/users\/1"}],"replies":[{"embeddable":true,"href":"http:\/\/carmenboehringer.de\/ferienwohnungub\/wp-json\/wp\/v2\/comments?post=191"}],"version-history":[{"count":1,"href":"http:\/\/carmenboehringer.de\/ferienwohnungub\/wp-json\/wp\/v2\/pages\/191\/revisions"}],"predecessor-version":[{"id":192,"href":"http:\/\/carmenboehringer.de\/ferienwohnungub\/wp-json\/wp\/v2\/pages\/191\/revisions\/192"}],"wp:attachment":[{"href":"http:\/\/carmenboehringer.de\/ferienwohnungub\/wp-json\/wp\/v2\/media?parent=191"}],"curies":[{"name":"wp","href":"https:\/\/api.w.org\/{rel}","templated":true}]}}