{"id":21,"date":"2015-11-02T09:12:47","date_gmt":"2015-11-02T09:12:47","guid":{"rendered":"http:\/\/carmenboehringer.de\/ferienwohnungub\/?page_id=21"},"modified":"2019-01-15T08:08:37","modified_gmt":"2019-01-15T08:08:37","slug":"impressum","status":"publish","type":"page","link":"http:\/\/carmenboehringer.de\/ferienwohnungub\/impressum\/","title":{"rendered":"Impressum"},"content":{"rendered":"<p>Verantwortlich f\u00fcr den Inhalt:<br \/>\n<strong>Carmen B\u00f6hringer<\/strong><br \/>\nTalstr. 7<br \/>\n73337 Bad \u00dcberkingen<br \/>\nTelefon: 07334-6865<br \/>\nMobil: 0176-61651455<br \/>\nE-Mail: <a href=\"mailto:cmboehringer@gmx.de\" target=\"_blank\" rel=\"noopener\">cmboehringer@gmx.de<\/a><br \/>\nSteuernummer: 62215\/31817<\/p>\n","protected":false},"excerpt":{"rendered":"<p>Verantwortlich f\u00fcr den Inhalt: Carmen B\u00f6hringer Talstr. 7 73337 Bad \u00dcberkingen Telefon: 07334-6865 Mobil: 0176-61651455 E-Mail: cmboehringer@gmx.de Steuernummer: 62215\/31817<\/p>\n","protected":false},"author":1,"featured_media":0,"parent":0,"menu_order":0,"comment_status":"closed","ping_status":"closed","template":"","meta":[],"_links":{"self":[{"href":"http:\/\/carmenboehringer.de\/ferienwohnungub\/wp-json\/wp\/v2\/pages\/21"}],"collection":[{"href":"http:\/\/carmenboehringer.de\/ferienwohnungub\/wp-json\/wp\/v2\/pages"}],"about":[{"href":"http:\/\/carmenboehringer.de\/ferienwohnungub\/wp-json\/wp\/v2\/types\/page"}],"author":[{"embeddable":true,"href":"http:\/\/carmenboehringer.de\/ferienwohnungub\/wp-json\/wp\/v2\/users\/1"}],"replies":[{"embeddable":true,"href":"http:\/\/carmenboehringer.de\/ferienwohnungub\/wp-json\/wp\/v2\/comments?post=21"}],"version-history":[{"count":2,"href":"http:\/\/carmenboehringer.de\/ferienwohnungub\/wp-json\/wp\/v2\/pages\/21\/revisions"}],"predecessor-version":[{"id":200,"href":"http:\/\/carmenboehringer.de\/ferienwohnungub\/wp-json\/wp\/v2\/pages\/21\/revisions\/200"}],"wp:attachment":[{"href":"http:\/\/carmenboehringer.de\/ferienwohnungub\/wp-json\/wp\/v2\/media?parent=21"}],"curies":[{"name":"wp","href":"https:\/\/api.w.org\/{rel}","templated":true}]}}