{"id":6,"date":"2015-11-02T09:05:12","date_gmt":"2015-11-02T09:05:12","guid":{"rendered":"http:\/\/carmenboehringer.de\/ferienwohnungub\/?page_id=6"},"modified":"2022-05-28T09:17:32","modified_gmt":"2022-05-28T09:17:32","slug":"ferienwohnung","status":"publish","type":"page","link":"http:\/\/carmenboehringer.de\/ferienwohnungub\/","title":{"rendered":"Ferienwohnungen 1\/2\/3"},"content":{"rendered":"<p>Nur wenige Fahrminuten vom Kurort Bad \u00dcberkingen entfernt befindet sich sehr ruhig und idyllisch gelegen der Ortsteil Unterb\u00f6hringen.<br \/>\nUnser Haus befindet sich am Ende einer Sackgasse. Sowohl f\u00fcr Erholungssuchende als auch f\u00fcr Sch\u00fcler der Landesberufsschule bieten wir zwei Dachwohnungen und eine Halb-Souterrainwohnung <em>(alle Zimmer Tageslicht!)<\/em> an.<\/p>\n<p><em>Die Wohnungen sind Nicht-Raucher-Wohnungen! &#8211; Keine Haustiere<\/em><\/p>\n<p>N\u00e4here Informationen zu Bad \u00dcberkingen und Unterb\u00f6hringen finden sie auf der Homepage: www.bad-ueberkingen.de<\/p>\n<p>Grundrisse der Wohnungen \/\u00a0Lage des Hauses \/ Parksituation<\/p>\n<p><em><strong>Wohnung 1 + 2<\/strong> Dachgeschoss\u00a0<\/em>\u00a0\u00a0 <em><strong>Wohnung 3<\/strong> Halb-Souterrain<br \/>\n<\/em><\/p>\n<p style=\"text-align: left;\"><a href=\"http:\/\/carmenboehringer.de\/ferienwohnungub\/wp-content\/uploads\/2015\/11\/Souterrain-Fewo-03.jpg\">\u00a0\u00a0 <\/a><a href=\"http:\/\/carmenboehringer.de\/ferienwohnungub\/wp-content\/uploads\/2015\/11\/dachgeschoss-02.jpg\"><img loading=\"lazy\" class=\"size-medium wp-image-39\" src=\"http:\/\/carmenboehringer.de\/ferienwohnungub\/wp-content\/uploads\/2015\/11\/dachgeschoss-02-213x300.jpg\" alt=\"\" width=\"213\" height=\"300\" srcset=\"http:\/\/carmenboehringer.de\/ferienwohnungub\/wp-content\/uploads\/2015\/11\/dachgeschoss-02-213x300.jpg 213w, http:\/\/carmenboehringer.de\/ferienwohnungub\/wp-content\/uploads\/2015\/11\/dachgeschoss-02.jpg 341w\" sizes=\"(max-width: 213px) 100vw, 213px\" \/>\u00a0 <\/a><a href=\"http:\/\/carmenboehringer.de\/ferienwohnungub\/wp-content\/uploads\/2015\/11\/Souterrain-Fewo-03.jpg\"><img loading=\"lazy\" class=\"size-medium wp-image-38\" src=\"http:\/\/carmenboehringer.de\/ferienwohnungub\/wp-content\/uploads\/2015\/11\/Souterrain-Fewo-03-203x300.jpg\" alt=\"\" width=\"203\" height=\"300\" srcset=\"http:\/\/carmenboehringer.de\/ferienwohnungub\/wp-content\/uploads\/2015\/11\/Souterrain-Fewo-03-203x300.jpg 203w, http:\/\/carmenboehringer.de\/ferienwohnungub\/wp-content\/uploads\/2015\/11\/Souterrain-Fewo-03.jpg 325w\" sizes=\"(max-width: 203px) 100vw, 203px\" \/><\/a>\n<\/p>\n<p><a href=\"http:\/\/carmenboehringer.de\/ferienwohnungub\/wp-content\/uploads\/2015\/11\/PARKSITUATION-TALSTRASSE.pdf\" target=\"_blank\" rel=\"noopener\">PARKSITUATION TALSTRASSE<\/a><\/p>\n","protected":false},"excerpt":{"rendered":"<p>Nur wenige Fahrminuten vom Kurort Bad \u00dcberkingen entfernt befindet sich sehr ruhig und idyllisch gelegen der Ortsteil Unterb\u00f6hringen. Unser Haus befindet sich am Ende einer Sackgasse. Sowohl f\u00fcr Erholungssuchende als auch f\u00fcr Sch\u00fcler der Landesberufsschule bieten wir zwei Dachwohnungen und &hellip; <a href=\"http:\/\/carmenboehringer.de\/ferienwohnungub\/\">Weiterlesen <span class=\"meta-nav\">&rarr;<\/span><\/a><\/p>\n","protected":false},"author":1,"featured_media":0,"parent":0,"menu_order":0,"comment_status":"closed","ping_status":"closed","template":"","meta":[],"_links":{"self":[{"href":"http:\/\/carmenboehringer.de\/ferienwohnungub\/wp-json\/wp\/v2\/pages\/6"}],"collection":[{"href":"http:\/\/carmenboehringer.de\/ferienwohnungub\/wp-json\/wp\/v2\/pages"}],"about":[{"href":"http:\/\/carmenboehringer.de\/ferienwohnungub\/wp-json\/wp\/v2\/types\/page"}],"author":[{"embeddable":true,"href":"http:\/\/carmenboehringer.de\/ferienwohnungub\/wp-json\/wp\/v2\/users\/1"}],"replies":[{"embeddable":true,"href":"http:\/\/carmenboehringer.de\/ferienwohnungub\/wp-json\/wp\/v2\/comments?post=6"}],"version-history":[{"count":10,"href":"http:\/\/carmenboehringer.de\/ferienwohnungub\/wp-json\/wp\/v2\/pages\/6\/revisions"}],"predecessor-version":[{"id":316,"href":"http:\/\/carmenboehringer.de\/ferienwohnungub\/wp-json\/wp\/v2\/pages\/6\/revisions\/316"}],"wp:attachment":[{"href":"http:\/\/carmenboehringer.de\/ferienwohnungub\/wp-json\/wp\/v2\/media?parent=6"}],"curies":[{"name":"wp","href":"https:\/\/api.w.org\/{rel}","templated":true}]}}