{"id":9,"date":"2022-05-17T10:22:00","date_gmt":"2022-05-17T10:22:00","guid":{"rendered":"http:\/\/carmenboehringer.de\/ferienwohnungub\/?page_id=9"},"modified":"2025-01-03T11:15:41","modified_gmt":"2025-01-03T11:15:41","slug":"ferienwohnung-1","status":"publish","type":"page","link":"http:\/\/carmenboehringer.de\/ferienwohnungub\/ferienwohnung\/ferienwohnung-1\/","title":{"rendered":"Ferienwohnung 1"},"content":{"rendered":"<p><strong>Dachwohnung f\u00fcr 1-3 Personen (38 qm) mit gem\u00fctlicher Wohnk\u00fcche, Wohn-Schlafzimmer (Kabel-TV) und Bad.<\/strong><\/p>\n<p><strong>Wohn-Schlafzimmer <\/strong>(2 Schlafsofas, Schreibtisch, Kleiderschrank)<strong><br><\/strong><\/p>\n\n\n<figure class=\"wp-block-gallery has-nested-images columns-default is-cropped\">\n<figure class=\"wp-block-image size-large\"><a href=\"http:\/\/carmenboehringer.de\/ferienwohnungub\/wp-content\/uploads\/2015\/11\/193_9328.jpg\"><img loading=\"lazy\" width=\"1024\" height=\"768\" data-id=\"121\"  src=\"http:\/\/carmenboehringer.de\/ferienwohnungub\/wp-content\/uploads\/2015\/11\/193_9328.jpg\" alt=\"\" class=\"wp-image-121\" srcset=\"http:\/\/carmenboehringer.de\/ferienwohnungub\/wp-content\/uploads\/2015\/11\/193_9328.jpg 1024w, http:\/\/carmenboehringer.de\/ferienwohnungub\/wp-content\/uploads\/2015\/11\/193_9328-300x225.jpg 300w\" sizes=\"(max-width: 1024px) 100vw, 1024px\" \/><\/a><figcaption>Schlafsofa<\/figcaption><\/figure>\n\n\n\n<figure class=\"wp-block-image\"><img loading=\"lazy\" width=\"3648\" height=\"2736\" data-id=\"122\"  src=\"http:\/\/carmenboehringer.de\/ferienwohnungub\/wp-content\/uploads\/2015\/11\/SDC100882.jpg\" alt=\"\" class=\"wp-image-122\" srcset=\"http:\/\/carmenboehringer.de\/ferienwohnungub\/wp-content\/uploads\/2015\/11\/SDC100882.jpg 3648w, http:\/\/carmenboehringer.de\/ferienwohnungub\/wp-content\/uploads\/2015\/11\/SDC100882-300x225.jpg 300w, http:\/\/carmenboehringer.de\/ferienwohnungub\/wp-content\/uploads\/2015\/11\/SDC100882-1024x768.jpg 1024w\" sizes=\"(max-width: 3648px) 100vw, 3648px\" \/><figcaption>Schlafsofa, Bett<\/figcaption><\/figure>\n\n\n\n<figure class=\"wp-block-image\"><img loading=\"lazy\" width=\"2560\" height=\"1920\" data-id=\"279\"  src=\"http:\/\/carmenboehringer.de\/ferienwohnungub\/wp-content\/uploads\/2022\/05\/SDC10089-scaled.jpg\" alt=\"\" class=\"wp-image-279\" srcset=\"http:\/\/carmenboehringer.de\/ferienwohnungub\/wp-content\/uploads\/2022\/05\/SDC10089-scaled.jpg 2560w, http:\/\/carmenboehringer.de\/ferienwohnungub\/wp-content\/uploads\/2022\/05\/SDC10089-300x225.jpg 300w, http:\/\/carmenboehringer.de\/ferienwohnungub\/wp-content\/uploads\/2022\/05\/SDC10089-1024x768.jpg 1024w, http:\/\/carmenboehringer.de\/ferienwohnungub\/wp-content\/uploads\/2022\/05\/SDC10089-768x576.jpg 768w, http:\/\/carmenboehringer.de\/ferienwohnungub\/wp-content\/uploads\/2022\/05\/SDC10089-1536x1152.jpg 1536w, http:\/\/carmenboehringer.de\/ferienwohnungub\/wp-content\/uploads\/2022\/05\/SDC10089-2048x1536.jpg 2048w\" sizes=\"(max-width: 2560px) 100vw, 2560px\" \/><figcaption>Schreibtisch<\/figcaption><\/figure>\n<\/figure>\n\n\n\n<p><strong>Wohnk\u00fcche<\/strong> (Essplatz, Schlafsofa, K\u00fcchenzeile mit Cerankochfeld, Mikrowelle, K\u00fchlschrank)<\/p>\n\n\n\n<figure class=\"wp-block-gallery has-nested-images columns-default is-cropped\">\n<figure class=\"wp-block-image size-large\"><a href=\"http:\/\/carmenboehringer.de\/ferienwohnungub\/wp-content\/uploads\/2022\/05\/SDC10092-scaled.jpg\"><img loading=\"lazy\" width=\"1024\" height=\"768\" data-id=\"280\"  src=\"http:\/\/carmenboehringer.de\/ferienwohnungub\/wp-content\/uploads\/2022\/05\/SDC10092-1024x768.jpg\" alt=\"\" class=\"wp-image-280\" srcset=\"http:\/\/carmenboehringer.de\/ferienwohnungub\/wp-content\/uploads\/2022\/05\/SDC10092-1024x768.jpg 1024w, http:\/\/carmenboehringer.de\/ferienwohnungub\/wp-content\/uploads\/2022\/05\/SDC10092-300x225.jpg 300w, http:\/\/carmenboehringer.de\/ferienwohnungub\/wp-content\/uploads\/2022\/05\/SDC10092-768x576.jpg 768w, http:\/\/carmenboehringer.de\/ferienwohnungub\/wp-content\/uploads\/2022\/05\/SDC10092-1536x1152.jpg 1536w, http:\/\/carmenboehringer.de\/ferienwohnungub\/wp-content\/uploads\/2022\/05\/SDC10092-2048x1536.jpg 2048w\" sizes=\"(max-width: 1024px) 100vw, 1024px\" \/><\/a><figcaption>Essplatz<\/figcaption><\/figure>\n\n\n\n<figure class=\"wp-block-image size-large\"><a href=\"http:\/\/carmenboehringer.de\/ferienwohnungub\/wp-content\/uploads\/2022\/05\/SDC10094-1-scaled.jpg\"><img loading=\"lazy\" width=\"1024\" height=\"768\" data-id=\"297\"  src=\"http:\/\/carmenboehringer.de\/ferienwohnungub\/wp-content\/uploads\/2022\/05\/SDC10094-1-1024x768.jpg\" alt=\"\" class=\"wp-image-297\" srcset=\"http:\/\/carmenboehringer.de\/ferienwohnungub\/wp-content\/uploads\/2022\/05\/SDC10094-1-1024x768.jpg 1024w, http:\/\/carmenboehringer.de\/ferienwohnungub\/wp-content\/uploads\/2022\/05\/SDC10094-1-300x225.jpg 300w, http:\/\/carmenboehringer.de\/ferienwohnungub\/wp-content\/uploads\/2022\/05\/SDC10094-1-768x576.jpg 768w, http:\/\/carmenboehringer.de\/ferienwohnungub\/wp-content\/uploads\/2022\/05\/SDC10094-1-1536x1152.jpg 1536w, http:\/\/carmenboehringer.de\/ferienwohnungub\/wp-content\/uploads\/2022\/05\/SDC10094-1-2048x1536.jpg 2048w\" sizes=\"(max-width: 1024px) 100vw, 1024px\" \/><\/a><figcaption>K\u00fcchenzeile<\/figcaption><\/figure>\n\n\n\n<figure class=\"wp-block-image size-full\"><a href=\"http:\/\/carmenboehringer.de\/ferienwohnungub\/wp-content\/uploads\/2022\/05\/IMG_9601-1-rotated.jpg\"><img loading=\"lazy\" width=\"480\" height=\"640\" data-id=\"298\"  src=\"http:\/\/carmenboehringer.de\/ferienwohnungub\/wp-content\/uploads\/2022\/05\/IMG_9601-1-rotated.jpg\" alt=\"\" class=\"wp-image-298\" srcset=\"http:\/\/carmenboehringer.de\/ferienwohnungub\/wp-content\/uploads\/2022\/05\/IMG_9601-1-rotated.jpg 480w, http:\/\/carmenboehringer.de\/ferienwohnungub\/wp-content\/uploads\/2022\/05\/IMG_9601-1-225x300.jpg 225w\" sizes=\"(max-width: 480px) 100vw, 480px\" \/><\/a><figcaption>Schlafsofa<\/figcaption><\/figure>\n<\/figure>\n\n\n\n<p><strong>Bad<\/strong><\/p>\n\n\n\n<figure class=\"wp-block-gallery has-nested-images columns-default is-cropped\">\n<figure class=\"wp-block-image size-large\"><a href=\"http:\/\/carmenboehringer.de\/ferienwohnungub\/wp-content\/uploads\/2022\/05\/SDC10096-scaled.jpg\"><img loading=\"lazy\" width=\"1920\" height=\"2560\" data-id=\"286\"  src=\"http:\/\/carmenboehringer.de\/ferienwohnungub\/wp-content\/uploads\/2022\/05\/SDC10096-scaled.jpg\" alt=\"\" class=\"wp-image-286\" srcset=\"http:\/\/carmenboehringer.de\/ferienwohnungub\/wp-content\/uploads\/2022\/05\/SDC10096-scaled.jpg 1920w, http:\/\/carmenboehringer.de\/ferienwohnungub\/wp-content\/uploads\/2022\/05\/SDC10096-225x300.jpg 225w, http:\/\/carmenboehringer.de\/ferienwohnungub\/wp-content\/uploads\/2022\/05\/SDC10096-768x1024.jpg 768w, http:\/\/carmenboehringer.de\/ferienwohnungub\/wp-content\/uploads\/2022\/05\/SDC10096-1152x1536.jpg 1152w, http:\/\/carmenboehringer.de\/ferienwohnungub\/wp-content\/uploads\/2022\/05\/SDC10096-1536x2048.jpg 1536w\" sizes=\"(max-width: 1920px) 100vw, 1920px\" \/><\/a><figcaption>Bad<\/figcaption><\/figure>\n\n\n\n<figure class=\"wp-block-image size-large\"><a href=\"http:\/\/carmenboehringer.de\/ferienwohnungub\/wp-content\/uploads\/2022\/05\/SDC10095-scaled.jpg\"><img loading=\"lazy\" width=\"2560\" height=\"1920\" data-id=\"285\"  src=\"http:\/\/carmenboehringer.de\/ferienwohnungub\/wp-content\/uploads\/2022\/05\/SDC10095-scaled.jpg\" alt=\"\" class=\"wp-image-285\" srcset=\"http:\/\/carmenboehringer.de\/ferienwohnungub\/wp-content\/uploads\/2022\/05\/SDC10095-scaled.jpg 2560w, http:\/\/carmenboehringer.de\/ferienwohnungub\/wp-content\/uploads\/2022\/05\/SDC10095-300x225.jpg 300w, http:\/\/carmenboehringer.de\/ferienwohnungub\/wp-content\/uploads\/2022\/05\/SDC10095-1024x768.jpg 1024w, http:\/\/carmenboehringer.de\/ferienwohnungub\/wp-content\/uploads\/2022\/05\/SDC10095-768x576.jpg 768w, http:\/\/carmenboehringer.de\/ferienwohnungub\/wp-content\/uploads\/2022\/05\/SDC10095-1536x1152.jpg 1536w, http:\/\/carmenboehringer.de\/ferienwohnungub\/wp-content\/uploads\/2022\/05\/SDC10095-2048x1536.jpg 2048w\" sizes=\"(max-width: 2560px) 100vw, 2560px\" \/><\/a><figcaption>Bad<\/figcaption><\/figure>\n\n\n\n<figure class=\"wp-block-image size-large\"><a href=\"http:\/\/carmenboehringer.de\/ferienwohnungub\/wp-content\/uploads\/2015\/11\/P1010538.jpg\"><img loading=\"lazy\" width=\"3648\" height=\"2736\" data-id=\"164\"  src=\"http:\/\/carmenboehringer.de\/ferienwohnungub\/wp-content\/uploads\/2015\/11\/P1010538.jpg\" alt=\"\" class=\"wp-image-164\" srcset=\"http:\/\/carmenboehringer.de\/ferienwohnungub\/wp-content\/uploads\/2015\/11\/P1010538.jpg 3648w, http:\/\/carmenboehringer.de\/ferienwohnungub\/wp-content\/uploads\/2015\/11\/P1010538-300x225.jpg 300w, http:\/\/carmenboehringer.de\/ferienwohnungub\/wp-content\/uploads\/2015\/11\/P1010538-1024x768.jpg 1024w\" sizes=\"(max-width: 3648px) 100vw, 3648px\" \/><\/a><figcaption>Freisitz<\/figcaption><\/figure>\n<\/figure>\n\n\n\n<div class=\"wp-block-columns\">\n<div class=\"wp-block-column\">\n<figure class=\"wp-block-image size-large\"><a href=\"http:\/\/carmenboehringer.de\/ferienwohnungub\/wp-content\/uploads\/2025\/01\/Ansicht1-scaled.jpg\"><img loading=\"lazy\" width=\"1024\" height=\"768\" src=\"http:\/\/carmenboehringer.de\/ferienwohnungub\/wp-content\/uploads\/2025\/01\/Ansicht1-1024x768.jpg\" alt=\"\" class=\"wp-image-343\" srcset=\"http:\/\/carmenboehringer.de\/ferienwohnungub\/wp-content\/uploads\/2025\/01\/Ansicht1-1024x768.jpg 1024w, http:\/\/carmenboehringer.de\/ferienwohnungub\/wp-content\/uploads\/2025\/01\/Ansicht1-300x225.jpg 300w, http:\/\/carmenboehringer.de\/ferienwohnungub\/wp-content\/uploads\/2025\/01\/Ansicht1-768x576.jpg 768w, http:\/\/carmenboehringer.de\/ferienwohnungub\/wp-content\/uploads\/2025\/01\/Ansicht1-1536x1152.jpg 1536w, http:\/\/carmenboehringer.de\/ferienwohnungub\/wp-content\/uploads\/2025\/01\/Ansicht1-2048x1536.jpg 2048w\" sizes=\"(max-width: 1024px) 100vw, 1024px\" \/><\/a><figcaption>Talstra\u00dfe 7<\/figcaption><\/figure>\n<\/div>\n\n\n\n<div class=\"wp-block-column\"><\/div>\n\n\n\n<div class=\"wp-block-column\"><\/div>\n<\/div>\n\n\n\n<p><\/p>\n","protected":false},"excerpt":{"rendered":"<p>Dachwohnung f\u00fcr 1-3 Personen (38 qm) mit gem\u00fctlicher Wohnk\u00fcche, Wohn-Schlafzimmer (Kabel-TV) und Bad. Wohn-Schlafzimmer (2 Schlafsofas, Schreibtisch, Kleiderschrank) Wohnk\u00fcche (Essplatz, Schlafsofa, K\u00fcchenzeile mit Cerankochfeld, Mikrowelle, K\u00fchlschrank) Bad<\/p>\n","protected":false},"author":1,"featured_media":0,"parent":6,"menu_order":0,"comment_status":"closed","ping_status":"closed","template":"","meta":[],"_links":{"self":[{"href":"http:\/\/carmenboehringer.de\/ferienwohnungub\/wp-json\/wp\/v2\/pages\/9"}],"collection":[{"href":"http:\/\/carmenboehringer.de\/ferienwohnungub\/wp-json\/wp\/v2\/pages"}],"about":[{"href":"http:\/\/carmenboehringer.de\/ferienwohnungub\/wp-json\/wp\/v2\/types\/page"}],"author":[{"embeddable":true,"href":"http:\/\/carmenboehringer.de\/ferienwohnungub\/wp-json\/wp\/v2\/users\/1"}],"replies":[{"embeddable":true,"href":"http:\/\/carmenboehringer.de\/ferienwohnungub\/wp-json\/wp\/v2\/comments?post=9"}],"version-history":[{"count":10,"href":"http:\/\/carmenboehringer.de\/ferienwohnungub\/wp-json\/wp\/v2\/pages\/9\/revisions"}],"predecessor-version":[{"id":345,"href":"http:\/\/carmenboehringer.de\/ferienwohnungub\/wp-json\/wp\/v2\/pages\/9\/revisions\/345"}],"up":[{"embeddable":true,"href":"http:\/\/carmenboehringer.de\/ferienwohnungub\/wp-json\/wp\/v2\/pages\/6"}],"wp:attachment":[{"href":"http:\/\/carmenboehringer.de\/ferienwohnungub\/wp-json\/wp\/v2\/media?parent=9"}],"curies":[{"name":"wp","href":"https:\/\/api.w.org\/{rel}","templated":true}]}}